{"id":10605,"date":"2017-06-23T23:05:48","date_gmt":"2017-06-24T03:05:48","guid":{"rendered":"https:\/\/lesversants.com\/properties-search\/"},"modified":"2022-11-18T11:42:30","modified_gmt":"2022-11-18T16:42:30","slug":"recherche-de-proprietes","status":"publish","type":"page","link":"https:\/\/lesversants.com\/fr\/recherche-de-proprietes\/","title":{"rendered":"Propri\u00e9t\u00e9s"},"content":{"rendered":"","protected":false},"excerpt":{"rendered":"","protected":false},"author":1,"featured_media":19572,"parent":0,"menu_order":34,"comment_status":"closed","ping_status":"closed","template":"templates\/properties-search-half-map.php","meta":{"inline_featured_image":false,"footnotes":""},"yoast_head":"<!-- This site is optimized with the Yoast SEO plugin v22.0 - https:\/\/yoast.com\/wordpress\/plugins\/seo\/ -->\n<title>Recherche de propri\u00e9t\u00e9 | Versants Mont-Tremblant<\/title>\n<meta name=\"description\" content=\"Vous recherchez une propri\u00e9t\u00e9 \u00e0 vendre ou \u00e0 louer pour le style de vie dont vous r\u00eavez? Contactez-nous, nous avons celle qu&#039;il vous faut.\" \/>\n<meta name=\"robots\" content=\"index, follow, max-snippet:-1, max-image-preview:large, max-video-preview:-1\" \/>\n<link rel=\"canonical\" href=\"https:\/\/lesversants.com\/fr\/recherche-de-proprietes\/\" \/>\n<meta property=\"og:locale\" content=\"fr_FR\" \/>\n<meta property=\"og:type\" content=\"article\" \/>\n<meta property=\"og:title\" content=\"Recherche de propri\u00e9t\u00e9 | Versants Mont-Tremblant\" \/>\n<meta property=\"og:description\" content=\"Vous recherchez une propri\u00e9t\u00e9 \u00e0 vendre ou \u00e0 louer pour le style de vie dont vous r\u00eavez? Contactez-nous, nous avons celle qu&#039;il vous faut.\" \/>\n<meta property=\"og:url\" content=\"https:\/\/lesversants.com\/fr\/recherche-de-proprietes\/\" \/>\n<meta property=\"og:site_name\" content=\"Versants Mont-Tremblant\" \/>\n<meta property=\"article:modified_time\" content=\"2022-11-18T16:42:30+00:00\" \/>\n<meta property=\"og:image\" content=\"https:\/\/lesversants.com\/wp-content\/uploads\/2022\/12\/OG.jpg\" \/>\n\t<meta property=\"og:image:width\" content=\"1200\" \/>\n\t<meta property=\"og:image:height\" content=\"630\" \/>\n\t<meta property=\"og:image:type\" content=\"image\/jpeg\" \/>\n<meta name=\"twitter:card\" content=\"summary_large_image\" \/>\n<script type=\"application\/ld+json\" class=\"yoast-schema-graph\">{\"@context\":\"https:\/\/schema.org\",\"@graph\":[{\"@type\":\"WebPage\",\"@id\":\"https:\/\/lesversants.com\/fr\/recherche-de-proprietes\/\",\"url\":\"https:\/\/lesversants.com\/fr\/recherche-de-proprietes\/\",\"name\":\"Recherche de propri\u00e9t\u00e9 | Versants Mont-Tremblant\",\"isPartOf\":{\"@id\":\"https:\/\/lesversants.com\/#website\"},\"datePublished\":\"2017-06-24T03:05:48+00:00\",\"dateModified\":\"2022-11-18T16:42:30+00:00\",\"description\":\"Vous recherchez une propri\u00e9t\u00e9 \u00e0 vendre ou \u00e0 louer pour le style de vie dont vous r\u00eavez? Contactez-nous, nous avons celle qu'il vous faut.\",\"breadcrumb\":{\"@id\":\"https:\/\/lesversants.com\/fr\/recherche-de-proprietes\/#breadcrumb\"},\"inLanguage\":\"fr-FR\",\"potentialAction\":[{\"@type\":\"ReadAction\",\"target\":[\"https:\/\/lesversants.com\/fr\/recherche-de-proprietes\/\"]}]},{\"@type\":\"BreadcrumbList\",\"@id\":\"https:\/\/lesversants.com\/fr\/recherche-de-proprietes\/#breadcrumb\",\"itemListElement\":[{\"@type\":\"ListItem\",\"position\":1,\"name\":\"Home\",\"item\":\"https:\/\/lesversants.com\/fr\/\"},{\"@type\":\"ListItem\",\"position\":2,\"name\":\"Propri\u00e9t\u00e9s\"}]},{\"@type\":\"WebSite\",\"@id\":\"https:\/\/lesversants.com\/#website\",\"url\":\"https:\/\/lesversants.com\/\",\"name\":\"Versants Mont-Tremblant\",\"description\":\"Agence immobili\u00e8re\",\"publisher\":{\"@id\":\"https:\/\/lesversants.com\/#organization\"},\"potentialAction\":[{\"@type\":\"SearchAction\",\"target\":{\"@type\":\"EntryPoint\",\"urlTemplate\":\"https:\/\/lesversants.com\/?s={search_term_string}\"},\"query-input\":\"required name=search_term_string\"}],\"inLanguage\":\"fr-FR\"},{\"@type\":\"Organization\",\"@id\":\"https:\/\/lesversants.com\/#organization\",\"name\":\"Les Versants Mont-Tremblant\",\"url\":\"https:\/\/lesversants.com\/\",\"logo\":{\"@type\":\"ImageObject\",\"inLanguage\":\"fr-FR\",\"@id\":\"https:\/\/lesversants.com\/#\/schema\/logo\/image\/\",\"url\":\"https:\/\/lesversants.com\/wp-content\/uploads\/2022\/01\/logo-versants.svg\",\"contentUrl\":\"https:\/\/lesversants.com\/wp-content\/uploads\/2022\/01\/logo-versants.svg\",\"width\":1,\"height\":1,\"caption\":\"Les Versants Mont-Tremblant\"},\"image\":{\"@id\":\"https:\/\/lesversants.com\/#\/schema\/logo\/image\/\"}}]}<\/script>\n<!-- \/ Yoast SEO plugin. -->","yoast_head_json":{"title":"Recherche de propri\u00e9t\u00e9 | Versants Mont-Tremblant","description":"Vous recherchez une propri\u00e9t\u00e9 \u00e0 vendre ou \u00e0 louer pour le style de vie dont vous r\u00eavez? Contactez-nous, nous avons celle qu'il vous faut.","robots":{"index":"index","follow":"follow","max-snippet":"max-snippet:-1","max-image-preview":"max-image-preview:large","max-video-preview":"max-video-preview:-1"},"canonical":"https:\/\/lesversants.com\/fr\/recherche-de-proprietes\/","og_locale":"fr_FR","og_type":"article","og_title":"Recherche de propri\u00e9t\u00e9 | Versants Mont-Tremblant","og_description":"Vous recherchez une propri\u00e9t\u00e9 \u00e0 vendre ou \u00e0 louer pour le style de vie dont vous r\u00eavez? Contactez-nous, nous avons celle qu'il vous faut.","og_url":"https:\/\/lesversants.com\/fr\/recherche-de-proprietes\/","og_site_name":"Versants Mont-Tremblant","article_modified_time":"2022-11-18T16:42:30+00:00","og_image":[{"width":1200,"height":630,"url":"https:\/\/lesversants.com\/wp-content\/uploads\/2022\/12\/OG.jpg","type":"image\/jpeg"}],"twitter_card":"summary_large_image","schema":{"@context":"https:\/\/schema.org","@graph":[{"@type":"WebPage","@id":"https:\/\/lesversants.com\/fr\/recherche-de-proprietes\/","url":"https:\/\/lesversants.com\/fr\/recherche-de-proprietes\/","name":"Recherche de propri\u00e9t\u00e9 | Versants Mont-Tremblant","isPartOf":{"@id":"https:\/\/lesversants.com\/#website"},"datePublished":"2017-06-24T03:05:48+00:00","dateModified":"2022-11-18T16:42:30+00:00","description":"Vous recherchez une propri\u00e9t\u00e9 \u00e0 vendre ou \u00e0 louer pour le style de vie dont vous r\u00eavez? Contactez-nous, nous avons celle qu'il vous faut.","breadcrumb":{"@id":"https:\/\/lesversants.com\/fr\/recherche-de-proprietes\/#breadcrumb"},"inLanguage":"fr-FR","potentialAction":[{"@type":"ReadAction","target":["https:\/\/lesversants.com\/fr\/recherche-de-proprietes\/"]}]},{"@type":"BreadcrumbList","@id":"https:\/\/lesversants.com\/fr\/recherche-de-proprietes\/#breadcrumb","itemListElement":[{"@type":"ListItem","position":1,"name":"Home","item":"https:\/\/lesversants.com\/fr\/"},{"@type":"ListItem","position":2,"name":"Propri\u00e9t\u00e9s"}]},{"@type":"WebSite","@id":"https:\/\/lesversants.com\/#website","url":"https:\/\/lesversants.com\/","name":"Versants Mont-Tremblant","description":"Agence immobili\u00e8re","publisher":{"@id":"https:\/\/lesversants.com\/#organization"},"potentialAction":[{"@type":"SearchAction","target":{"@type":"EntryPoint","urlTemplate":"https:\/\/lesversants.com\/?s={search_term_string}"},"query-input":"required name=search_term_string"}],"inLanguage":"fr-FR"},{"@type":"Organization","@id":"https:\/\/lesversants.com\/#organization","name":"Les Versants Mont-Tremblant","url":"https:\/\/lesversants.com\/","logo":{"@type":"ImageObject","inLanguage":"fr-FR","@id":"https:\/\/lesversants.com\/#\/schema\/logo\/image\/","url":"https:\/\/lesversants.com\/wp-content\/uploads\/2022\/01\/logo-versants.svg","contentUrl":"https:\/\/lesversants.com\/wp-content\/uploads\/2022\/01\/logo-versants.svg","width":1,"height":1,"caption":"Les Versants Mont-Tremblant"},"image":{"@id":"https:\/\/lesversants.com\/#\/schema\/logo\/image\/"}}]}},"_links":{"self":[{"href":"https:\/\/lesversants.com\/fr\/wp-json\/wp\/v2\/pages\/10605"}],"collection":[{"href":"https:\/\/lesversants.com\/fr\/wp-json\/wp\/v2\/pages"}],"about":[{"href":"https:\/\/lesversants.com\/fr\/wp-json\/wp\/v2\/types\/page"}],"author":[{"embeddable":true,"href":"https:\/\/lesversants.com\/fr\/wp-json\/wp\/v2\/users\/1"}],"replies":[{"embeddable":true,"href":"https:\/\/lesversants.com\/fr\/wp-json\/wp\/v2\/comments?post=10605"}],"version-history":[{"count":3,"href":"https:\/\/lesversants.com\/fr\/wp-json\/wp\/v2\/pages\/10605\/revisions"}],"predecessor-version":[{"id":19571,"href":"https:\/\/lesversants.com\/fr\/wp-json\/wp\/v2\/pages\/10605\/revisions\/19571"}],"wp:featuredmedia":[{"embeddable":true,"href":"https:\/\/lesversants.com\/fr\/wp-json\/wp\/v2\/media\/19572"}],"wp:attachment":[{"href":"https:\/\/lesversants.com\/fr\/wp-json\/wp\/v2\/media?parent=10605"}],"curies":[{"name":"wp","href":"https:\/\/api.w.org\/{rel}","templated":true}]}}