{"id":11467,"date":"2022-07-14T16:22:50","date_gmt":"2022-07-14T20:22:50","guid":{"rendered":"https:\/\/lesversants.com\/explore-mont-tremblant\/mont-blanc\/"},"modified":"2023-10-18T21:12:43","modified_gmt":"2023-10-19T01:12:43","slug":"mont-blanc","status":"publish","type":"page","link":"https:\/\/lesversants.com\/fr\/explore-mont-tremblant\/mont-blanc\/","title":{"rendered":"Mont-Blanc"},"content":{"rendered":"\t\t<div data-elementor-type=\"wp-page\" data-elementor-id=\"11467\" class=\"elementor elementor-11467 elementor-9271\" data-elementor-post-type=\"page\">\n\t\t\t\t\t\t<section class=\"elementor-section elementor-top-section elementor-element elementor-element-a5d6862 projets-page trois-pics elementor-section-boxed elementor-section-height-default elementor-section-height-default\" data-id=\"a5d6862\" data-element_type=\"section\">\n\t\t\t\t\t\t<div class=\"elementor-container elementor-column-gap-no\">\n\t\t\t\t\t<div class=\"elementor-column elementor-col-100 elementor-top-column elementor-element elementor-element-c4adeed\" data-id=\"c4adeed\" data-element_type=\"column\">\n\t\t\t<div class=\"elementor-widget-wrap elementor-element-populated\">\n\t\t\t\t\t\t<div class=\"elementor-element elementor-element-23236e9 elementor-widget elementor-widget-inspiry-image-gallery-widget\" data-id=\"23236e9\" data-element_type=\"widget\" data-widget_type=\"inspiry-image-gallery-widget.default\">\n\t\t\t\t<div class=\"elementor-widget-container\">\n\t\t\t\t\t\n\t\t\t\n                            \n<div class=\"property-detail-slider-wrapper clearfix\">\n\t\t<div class=\"inspiry_property_masonry_style images_5\">\n\n\t\t<a class=\"slider-img\" data-elementor-open-lightbox=\"yes\" data-elementor-lightbox-slideshow=\"23236e9\" data-elementor-lightbox-title=\"Mont-Blanc-Mont-Tremblant-Explore-immobilier(3)\" data-e-action-hash=\"#elementor-action%3Aaction%3Dlightbox%26settings%3DeyJpZCI6OTI3OCwidXJsIjoiaHR0cHM6XC9cL2xlc3ZlcnNhbnRzLmNvbVwvd3AtY29udGVudFwvdXBsb2Fkc1wvMjAyMlwvMDdcL01vbnQtQmxhbmMtTW9udC1UcmVtYmxhbnQtRXhwbG9yZS1pbW1vYmlsaWVyMy5qcGciLCJzbGlkZXNob3ciOiIyMzIzNmU5In0%3D\" href=\"https:\/\/lesversants.com\/wp-content\/uploads\/2022\/07\/Mont-Blanc-Mont-Tremblant-Explore-immobilier3.jpg\"><img decoding=\"async\" class=\"rhea-image-gallery-item-image\" src=\"https:\/\/lesversants.com\/wp-content\/uploads\/2022\/07\/Mont-Blanc-Mont-Tremblant-Explore-immobilier3-1024x688.jpg\" alt=\"Mont-Blanc-Mont-Tremblant-Explore-immobilier(3)\" \/><\/a><a class=\"slider-img\" data-elementor-open-lightbox=\"yes\" data-elementor-lightbox-slideshow=\"23236e9\" data-elementor-lightbox-title=\"Mont-Blanc-Mont-Tremblant-Explore-real-estate(2)MC\" data-e-action-hash=\"#elementor-action%3Aaction%3Dlightbox%26settings%3DeyJpZCI6OTI3NCwidXJsIjoiaHR0cHM6XC9cL2xlc3ZlcnNhbnRzLmNvbVwvd3AtY29udGVudFwvdXBsb2Fkc1wvMjAyMlwvMDdcL01vbnQtQmxhbmMtTW9udC1UcmVtYmxhbnQtRXhwbG9yZS1yZWFsLWVzdGF0ZTJNQy5qcGciLCJzbGlkZXNob3ciOiIyMzIzNmU5In0%3D\" href=\"https:\/\/lesversants.com\/wp-content\/uploads\/2022\/07\/Mont-Blanc-Mont-Tremblant-Explore-real-estate2MC.jpg\"><img decoding=\"async\" class=\"rhea-image-gallery-item-image\" src=\"https:\/\/lesversants.com\/wp-content\/uploads\/2022\/07\/Mont-Blanc-Mont-Tremblant-Explore-real-estate2MC-1024x688.jpg\" alt=\"Mont-Blanc-Mont-Tremblant-Explore-real-estate(2)MC\" \/><\/a><a class=\"slider-img\" data-elementor-open-lightbox=\"yes\" data-elementor-lightbox-slideshow=\"23236e9\" data-elementor-lightbox-title=\"P-tit-Train-du-Nord-Mont-Blanc-Mont-Tremblant-Explore-immobilier(1)MC\" data-e-action-hash=\"#elementor-action%3Aaction%3Dlightbox%26settings%3DeyJpZCI6OTI3NiwidXJsIjoiaHR0cHM6XC9cL2xlc3ZlcnNhbnRzLmNvbVwvd3AtY29udGVudFwvdXBsb2Fkc1wvMjAyMlwvMDdcL1AtdGl0LVRyYWluLWR1LU5vcmQtTW9udC1CbGFuYy1Nb250LVRyZW1ibGFudC1FeHBsb3JlLWltbW9iaWxpZXIxTUMuanBnIiwic2xpZGVzaG93IjoiMjMyMzZlOSJ9\" href=\"https:\/\/lesversants.com\/wp-content\/uploads\/2022\/07\/P-tit-Train-du-Nord-Mont-Blanc-Mont-Tremblant-Explore-immobilier1MC.jpg\"><img decoding=\"async\" class=\"rhea-image-gallery-item-image\" src=\"https:\/\/lesversants.com\/wp-content\/uploads\/2022\/07\/P-tit-Train-du-Nord-Mont-Blanc-Mont-Tremblant-Explore-immobilier1MC-1024x688.jpg\" alt=\"P-tit-Train-du-Nord-Mont-Blanc-Mont-Tremblant-Explore-immobilier(1)MC\" \/><\/a><a class=\"slider-img\" data-elementor-open-lightbox=\"yes\" data-elementor-lightbox-slideshow=\"23236e9\" data-elementor-lightbox-title=\"2023-09_maison-chalet-condo-mont-tremblant-style-de-vie-piste-cyclable (Kevin-Lemaire- 42)\" data-e-action-hash=\"#elementor-action%3Aaction%3Dlightbox%26settings%3DeyJpZCI6MzI2OTMsInVybCI6Imh0dHBzOlwvXC9sZXN2ZXJzYW50cy5jb21cL3dwLWNvbnRlbnRcL3VwbG9hZHNcLzIwMjNcLzEwXC8yMDIzLTA5X21haXNvbi1jaGFsZXQtY29uZG8tbW9udC10cmVtYmxhbnQtc3R5bGUtZGUtdmllLXBpc3RlLWN5Y2xhYmxlLUtldmluLUxlbWFpcmUtNDItMS5qcGciLCJzbGlkZXNob3ciOiIyMzIzNmU5In0%3D\" href=\"https:\/\/lesversants.com\/wp-content\/uploads\/2023\/10\/2023-09_maison-chalet-condo-mont-tremblant-style-de-vie-piste-cyclable-Kevin-Lemaire-42-1.jpg\"><img decoding=\"async\" class=\"rhea-image-gallery-item-image\" src=\"https:\/\/lesversants.com\/wp-content\/uploads\/2023\/10\/2023-09_maison-chalet-condo-mont-tremblant-style-de-vie-piste-cyclable-Kevin-Lemaire-42-1-1024x683.jpg\" alt=\"2023-09_maison-chalet-condo-mont-tremblant-style-de-vie-piste-cyclable (Kevin-Lemaire- 42)\" \/><\/a><a class=\"slider-img\" data-elementor-open-lightbox=\"yes\" data-elementor-lightbox-slideshow=\"23236e9\" data-elementor-lightbox-title=\"2023-08_le-mai\u0302tre-maison-de\u0301tache\u0301e-mont-tremblant-style-de-vie-golf (Kevin-Lemaire-13)\" data-e-action-hash=\"#elementor-action%3Aaction%3Dlightbox%26settings%3DeyJpZCI6MzI2OTEsInVybCI6Imh0dHBzOlwvXC9sZXN2ZXJzYW50cy5jb21cL3dwLWNvbnRlbnRcL3VwbG9hZHNcLzIwMjNcLzEwXC8yMDIzLTA4X2xlLW1haXRyZS1tYWlzb24tZGV0YWNoZWUtbW9udC10cmVtYmxhbnQtc3R5bGUtZGUtdmllLWdvbGYtS2V2aW4tTGVtYWlyZS0xMy5qcGciLCJzbGlkZXNob3ciOiIyMzIzNmU5In0%3D\" href=\"https:\/\/lesversants.com\/wp-content\/uploads\/2023\/10\/2023-08_le-maitre-maison-detachee-mont-tremblant-style-de-vie-golf-Kevin-Lemaire-13.jpg\"><img decoding=\"async\" class=\"rhea-image-gallery-item-image\" src=\"https:\/\/lesversants.com\/wp-content\/uploads\/2023\/10\/2023-08_le-maitre-maison-detachee-mont-tremblant-style-de-vie-golf-Kevin-Lemaire-13-1024x683.jpg\" alt=\"2023-08_le-mai\u0302tre-maison-de\u0301tache\u0301e-mont-tremblant-style-de-vie-golf (Kevin-Lemaire-13)\" \/><\/a><a class=\"slider-img\" data-elementor-open-lightbox=\"yes\" data-elementor-lightbox-slideshow=\"23236e9\" data-elementor-lightbox-title=\"2023-09_maison-chalet-condo-mont-tremblant-style-de-vie-bord-de-l-eau (Kevin-Lemaire-27)\" data-e-action-hash=\"#elementor-action%3Aaction%3Dlightbox%26settings%3DeyJpZCI6MzI2NjksInVybCI6Imh0dHBzOlwvXC9sZXN2ZXJzYW50cy5jb21cL3dwLWNvbnRlbnRcL3VwbG9hZHNcLzIwMjFcLzAzXC8yMDIzLTA5X21haXNvbi1jaGFsZXQtY29uZG8tbW9udC10cmVtYmxhbnQtc3R5bGUtZGUtdmllLWJvcmQtZGUtbC1lYXUtS2V2aW4tTGVtYWlyZS0yNy5qcGciLCJzbGlkZXNob3ciOiIyMzIzNmU5In0%3D\" href=\"https:\/\/lesversants.com\/wp-content\/uploads\/2021\/03\/2023-09_maison-chalet-condo-mont-tremblant-style-de-vie-bord-de-l-eau-Kevin-Lemaire-27.jpg\"><img decoding=\"async\" class=\"rhea-image-gallery-item-image\" src=\"https:\/\/lesversants.com\/wp-content\/uploads\/2021\/03\/2023-09_maison-chalet-condo-mont-tremblant-style-de-vie-bord-de-l-eau-Kevin-Lemaire-27-1024x683.jpg\" alt=\"2023-09_maison-chalet-condo-mont-tremblant-style-de-vie-bord-de-l-eau (Kevin-Lemaire-27)\" \/><\/a><\/div>\n<\/div>\n            \t\t        <script type=\"application\/javascript\">\n            (function ($, elementorFrontend) {\n                'use strict';\n\t\t                        $(window).on('elementor\/frontend\/init load', function () {\n                    rheaImageGallery({\"containerId\":\"#rhea-image-gallery-23236e9\",\"filters\":\"#rhea-image-gallery-filters-23236e9 a\",\"itemSelector\":\".rhea-image-gallery-item\",\"layout\":\"masonry\"});\n                });\n\t\t                    })(jQuery, window.elementorFrontend);\n        <\/script>\n\t\t\t\t<\/div>\n\t\t\t\t<\/div>\n\t\t\t\t\t<\/div>\n\t\t<\/div>\n\t\t\t\t\t<\/div>\n\t\t<\/section>\n\t\t\t\t<section class=\"elementor-section elementor-top-section elementor-element elementor-element-1df8853f elementor-section-boxed elementor-section-height-default elementor-section-height-default\" data-id=\"1df8853f\" data-element_type=\"section\">\n\t\t\t\t\t\t<div class=\"elementor-container elementor-column-gap-default\">\n\t\t\t\t\t<div class=\"elementor-column elementor-col-100 elementor-top-column elementor-element elementor-element-3d606eed bloc-texte rh_content texte-explore\" data-id=\"3d606eed\" data-element_type=\"column\" data-settings=\"{&quot;background_background&quot;:&quot;classic&quot;}\">\n\t\t\t<div class=\"elementor-widget-wrap elementor-element-populated\">\n\t\t\t\t\t\t<div class=\"elementor-element elementor-element-2e80bdb3 h1-page elementor-widget elementor-widget-heading\" data-id=\"2e80bdb3\" data-element_type=\"widget\" data-widget_type=\"heading.default\">\n\t\t\t\t<div class=\"elementor-widget-container\">\n\t\t\t<style>\/*! elementor - v3.19.0 - 05-02-2024 *\/\n.elementor-heading-title{padding:0;margin:0;line-height:1}.elementor-widget-heading .elementor-heading-title[class*=elementor-size-]>a{color:inherit;font-size:inherit;line-height:inherit}.elementor-widget-heading .elementor-heading-title.elementor-size-small{font-size:15px}.elementor-widget-heading .elementor-heading-title.elementor-size-medium{font-size:19px}.elementor-widget-heading .elementor-heading-title.elementor-size-large{font-size:29px}.elementor-widget-heading .elementor-heading-title.elementor-size-xl{font-size:39px}.elementor-widget-heading .elementor-heading-title.elementor-size-xxl{font-size:59px}<\/style><h1 class=\"elementor-heading-title elementor-size-default\">Mont-Blanc<\/h1>\t\t<\/div>\n\t\t\t\t<\/div>\n\t\t\t\t<div class=\"elementor-element elementor-element-2dadffa4 padding-texte elementor-widget elementor-widget-text-editor\" data-id=\"2dadffa4\" data-element_type=\"widget\" data-widget_type=\"text-editor.default\">\n\t\t\t\t<div class=\"elementor-widget-container\">\n\t\t\t<style>\/*! elementor - v3.19.0 - 05-02-2024 *\/\n.elementor-widget-text-editor.elementor-drop-cap-view-stacked .elementor-drop-cap{background-color:#69727d;color:#fff}.elementor-widget-text-editor.elementor-drop-cap-view-framed .elementor-drop-cap{color:#69727d;border:3px solid;background-color:transparent}.elementor-widget-text-editor:not(.elementor-drop-cap-view-default) .elementor-drop-cap{margin-top:8px}.elementor-widget-text-editor:not(.elementor-drop-cap-view-default) .elementor-drop-cap-letter{width:1em;height:1em}.elementor-widget-text-editor .elementor-drop-cap{float:left;text-align:center;line-height:1;font-size:50px}.elementor-widget-text-editor .elementor-drop-cap-letter{display:inline-block}<\/style>\t\t\t\t<p>Acheter une maison, un chalet, un condo ou une maison de ville dans cette charmante municipalit\u00e9 adjacente \u00e0 Mont-Tremblant, c\u2019est s\u2019offrir la proximit\u00e9 \u00e0 la fois des pistes de ski du mont Blanc et de celles du mont Tremblant. Nos courtiers immobiliers sauront vous conseiller et vous offrir la tranquillit\u00e9 d\u2019esprit. Les types de propri\u00e9t\u00e9s et leurs localisations sont vari\u00e9es; condos, maisons, en for\u00eat, en bordure d\u2019un lac, ski-in\/out, ou sur un golf, tout y est!<\/p><p>Cette municipalit\u00e9 abrite une cinquantaine de lacs, de magnifiques montagnes et for\u00eats, le parc lin\u00e9aire le P\u2019tit Train du Nord et plusieurs parcs; le plein air est toujours au rendez-vous. On y retrouve aussi une vari\u00e9t\u00e9 de services, et les infrastructures culturelles et sportives des villes avoisinantes sont facilement accessibles.<\/p><p>Gr\u00e2ce \u00e0 des ententes intermunicipales (qui peuvent varier), les r\u00e9sidents de cette municipalit\u00e9 peuvent se procurer la carte Exp\u00e9rience Mont-Tremblant qui permet de profiter de nombreux avantages. Consultez le <span style=\"text-decoration: underline;\"><span style=\"color: #008080; text-decoration: underline;\"><a style=\"color: #008080; text-decoration: underline;\" href=\"https:\/\/www.villedemont-tremblant.qc.ca\/citoyens\/cartes-acces-et-experience\">site Internet de la Ville de Mont-Tremblant<\/a><\/span><\/span> pour les conditions et d\u00e9tails.<\/p>\t\t\t\t\t\t<\/div>\n\t\t\t\t<\/div>\n\t\t\t\t\t<\/div>\n\t\t<\/div>\n\t\t\t\t\t<\/div>\n\t\t<\/section>\n\t\t\t\t<section class=\"elementor-section elementor-top-section elementor-element elementor-element-88a7641 elementor-section-boxed elementor-section-height-default elementor-section-height-default\" data-id=\"88a7641\" data-element_type=\"section\">\n\t\t\t\t\t\t<div class=\"elementor-container elementor-column-gap-default\">\n\t\t\t\t\t<div class=\"elementor-column elementor-col-100 elementor-top-column elementor-element elementor-element-d60492f\" data-id=\"d60492f\" data-element_type=\"column\">\n\t\t\t<div class=\"elementor-widget-wrap elementor-element-populated\">\n\t\t\t\t\t\t<div class=\"elementor-element elementor-element-ee79c2b elementor-widget elementor-widget-spacer\" data-id=\"ee79c2b\" data-element_type=\"widget\" data-widget_type=\"spacer.default\">\n\t\t\t\t<div class=\"elementor-widget-container\">\n\t\t\t<style>\/*! elementor - v3.19.0 - 05-02-2024 *\/\n.elementor-column .elementor-spacer-inner{height:var(--spacer-size)}.e-con{--container-widget-width:100%}.e-con-inner>.elementor-widget-spacer,.e-con>.elementor-widget-spacer{width:var(--container-widget-width,var(--spacer-size));--align-self:var(--container-widget-align-self,initial);--flex-shrink:0}.e-con-inner>.elementor-widget-spacer>.elementor-widget-container,.e-con>.elementor-widget-spacer>.elementor-widget-container{height:100%;width:100%}.e-con-inner>.elementor-widget-spacer>.elementor-widget-container>.elementor-spacer,.e-con>.elementor-widget-spacer>.elementor-widget-container>.elementor-spacer{height:100%}.e-con-inner>.elementor-widget-spacer>.elementor-widget-container>.elementor-spacer>.elementor-spacer-inner,.e-con>.elementor-widget-spacer>.elementor-widget-container>.elementor-spacer>.elementor-spacer-inner{height:var(--container-widget-height,var(--spacer-size))}.e-con-inner>.elementor-widget-spacer.elementor-widget-empty,.e-con>.elementor-widget-spacer.elementor-widget-empty{position:relative;min-height:22px;min-width:22px}.e-con-inner>.elementor-widget-spacer.elementor-widget-empty .elementor-widget-empty-icon,.e-con>.elementor-widget-spacer.elementor-widget-empty .elementor-widget-empty-icon{position:absolute;top:0;bottom:0;left:0;right:0;margin:auto;padding:0;width:22px;height:22px}<\/style>\t\t<div class=\"elementor-spacer\">\n\t\t\t<div class=\"elementor-spacer-inner\"><\/div>\n\t\t<\/div>\n\t\t\t\t<\/div>\n\t\t\t\t<\/div>\n\t\t\t\t<div class=\"elementor-element elementor-element-0b24d2a our-know-how elementor-widget elementor-widget-ere-cta-widget\" data-id=\"0b24d2a\" data-element_type=\"widget\" data-widget_type=\"ere-cta-widget.default\">\n\t\t\t\t<div class=\"elementor-widget-container\">\n\t\t\t        <section\n                class=\"rh_elementor_widget rh_section__cta_elementor rh_cta--featured_elementor \" style=\"background-size: cover; background-image: url(https:\/\/lesversants.com\/wp-content\/uploads\/2023\/05\/Mont-Blanc-Maison-unifamilale-haut-de-gamme-single-family-home-high-end.jpg ) \">\n\n\n\t\t\t                <div class=\"elementor_overlay_cta_1\"><\/div>\n\t\t\t            <div class=\"wrapper-section-contents_elementor\">\n                <div class=\"rh_cta__wrap_elementor\">\n\n\t\t\t\t\t                        <p class=\"rh_cta__title\">Acheter au Mont-Blanc<\/p>\n\t\t\t\t\t\n\t\t\t\t\t                        <h3 class=\"rh_cta__quote\">Vous souhaitez acheter au Mont-Blanc? D\u00e9couvrez notre s\u00e9lection de maisons, condos, maisons de villes ou chalets \u00e0 vendre et trouvez votre maison parfaite!<\/h3>\n\t\t\t\t\t\n                    <div class=\"rh_cta__btns_elementor\">\n\n\t\t\t\t\t\t                            <a href=\"https:\/\/lesversants.com\/fr\/recherche-de-proprietes\/?city=mont-blanc\"\n                               class=\"cta_elementor_first_button cta_elementor_button\">Consulter nos propri\u00e9t\u00e9s<\/a>\n\t\t\t\t\t\t\n\t\t\t\t\t\t\n                    <\/div>\n\n                <\/div>\n            <\/div>\n\n        <\/section>\n\n\t\t\t\t<\/div>\n\t\t\t\t<\/div>\n\t\t\t\t<div class=\"elementor-element elementor-element-bcd5989 elementor-widget elementor-widget-spacer\" data-id=\"bcd5989\" data-element_type=\"widget\" data-widget_type=\"spacer.default\">\n\t\t\t\t<div class=\"elementor-widget-container\">\n\t\t\t\t\t<div class=\"elementor-spacer\">\n\t\t\t<div class=\"elementor-spacer-inner\"><\/div>\n\t\t<\/div>\n\t\t\t\t<\/div>\n\t\t\t\t<\/div>\n\t\t\t\t\t<\/div>\n\t\t<\/div>\n\t\t\t\t\t<\/div>\n\t\t<\/section>\n\t\t\t\t<\/div>\n\t\t","protected":false},"excerpt":{"rendered":"<p>Mont-Blanc Acheter une maison, un chalet, un condo ou une maison de ville dans cette charmante municipalit\u00e9 adjacente \u00e0 Mont-Tremblant, c\u2019est s\u2019offrir la proximit\u00e9 \u00e0 la fois des pistes de ski du mont Blanc et de celles du mont Tremblant. Nos courtiers immobiliers sauront vous conseiller et vous offrir la tranquillit\u00e9 d\u2019esprit. Les types de&#8230;<\/p>\n","protected":false},"author":1,"featured_media":0,"parent":11325,"menu_order":0,"comment_status":"closed","ping_status":"closed","template":"templates\/fluid-width.php","meta":{"inline_featured_image":false,"footnotes":""},"yoast_head":"<!-- This site is optimized with the Yoast SEO plugin v22.0 - https:\/\/yoast.com\/wordpress\/plugins\/seo\/ -->\n<title>Mont-Blanc | Versants Mont-Tremblant<\/title>\n<meta name=\"description\" content=\"Vous \u00eates amateurs de ski-in\/out, de golf ou de bord de l&#039;eau, achetez une propri\u00e9t\u00e9 au Mont-Blanc vous conviendra. Prenez rendez-vous.\" \/>\n<meta name=\"robots\" content=\"index, follow, max-snippet:-1, max-image-preview:large, max-video-preview:-1\" \/>\n<link rel=\"canonical\" href=\"https:\/\/lesversants.com\/fr\/explore-mont-tremblant\/mont-blanc\/\" \/>\n<meta property=\"og:locale\" content=\"fr_FR\" \/>\n<meta property=\"og:type\" content=\"article\" \/>\n<meta property=\"og:title\" content=\"Mont-Blanc | Versants Mont-Tremblant\" \/>\n<meta property=\"og:description\" content=\"Vous \u00eates amateurs de ski-in\/out, de golf ou de bord de l&#039;eau, achetez une propri\u00e9t\u00e9 au Mont-Blanc vous conviendra. Prenez rendez-vous.\" \/>\n<meta property=\"og:url\" content=\"https:\/\/lesversants.com\/fr\/explore-mont-tremblant\/mont-blanc\/\" \/>\n<meta property=\"og:site_name\" content=\"Versants Mont-Tremblant\" \/>\n<meta property=\"article:modified_time\" content=\"2023-10-19T01:12:43+00:00\" \/>\n<meta property=\"og:image\" content=\"https:\/\/lesversants.com\/wp-content\/uploads\/2022\/07\/Mont-Blanc-Mont-Tremblant-Explore-immobilier3-1024x688.jpg\" \/>\n<meta name=\"twitter:card\" content=\"summary_large_image\" \/>\n<meta name=\"twitter:label1\" content=\"Dur\u00e9e de lecture estim\u00e9e\" \/>\n\t<meta name=\"twitter:data1\" content=\"2 minutes\" \/>\n<script type=\"application\/ld+json\" class=\"yoast-schema-graph\">{\"@context\":\"https:\/\/schema.org\",\"@graph\":[{\"@type\":\"WebPage\",\"@id\":\"https:\/\/lesversants.com\/fr\/explore-mont-tremblant\/mont-blanc\/\",\"url\":\"https:\/\/lesversants.com\/fr\/explore-mont-tremblant\/mont-blanc\/\",\"name\":\"Mont-Blanc | Versants Mont-Tremblant\",\"isPartOf\":{\"@id\":\"https:\/\/lesversants.com\/#website\"},\"datePublished\":\"2022-07-14T20:22:50+00:00\",\"dateModified\":\"2023-10-19T01:12:43+00:00\",\"description\":\"Vous \u00eates amateurs de ski-in\/out, de golf ou de bord de l'eau, achetez une propri\u00e9t\u00e9 au Mont-Blanc vous conviendra. Prenez rendez-vous.\",\"breadcrumb\":{\"@id\":\"https:\/\/lesversants.com\/fr\/explore-mont-tremblant\/mont-blanc\/#breadcrumb\"},\"inLanguage\":\"fr-FR\",\"potentialAction\":[{\"@type\":\"ReadAction\",\"target\":[\"https:\/\/lesversants.com\/fr\/explore-mont-tremblant\/mont-blanc\/\"]}]},{\"@type\":\"BreadcrumbList\",\"@id\":\"https:\/\/lesversants.com\/fr\/explore-mont-tremblant\/mont-blanc\/#breadcrumb\",\"itemListElement\":[{\"@type\":\"ListItem\",\"position\":1,\"name\":\"Home\",\"item\":\"https:\/\/lesversants.com\/fr\/\"},{\"@type\":\"ListItem\",\"position\":2,\"name\":\"Explorer\",\"item\":\"https:\/\/lesversants.com\/fr\/explore-mont-tremblant\/\"},{\"@type\":\"ListItem\",\"position\":3,\"name\":\"Mont-Blanc\"}]},{\"@type\":\"WebSite\",\"@id\":\"https:\/\/lesversants.com\/#website\",\"url\":\"https:\/\/lesversants.com\/\",\"name\":\"Versants Mont-Tremblant\",\"description\":\"Agence immobili\u00e8re\",\"publisher\":{\"@id\":\"https:\/\/lesversants.com\/#organization\"},\"potentialAction\":[{\"@type\":\"SearchAction\",\"target\":{\"@type\":\"EntryPoint\",\"urlTemplate\":\"https:\/\/lesversants.com\/?s={search_term_string}\"},\"query-input\":\"required name=search_term_string\"}],\"inLanguage\":\"fr-FR\"},{\"@type\":\"Organization\",\"@id\":\"https:\/\/lesversants.com\/#organization\",\"name\":\"Les Versants Mont-Tremblant\",\"url\":\"https:\/\/lesversants.com\/\",\"logo\":{\"@type\":\"ImageObject\",\"inLanguage\":\"fr-FR\",\"@id\":\"https:\/\/lesversants.com\/#\/schema\/logo\/image\/\",\"url\":\"https:\/\/lesversants.com\/wp-content\/uploads\/2022\/01\/logo-versants.svg\",\"contentUrl\":\"https:\/\/lesversants.com\/wp-content\/uploads\/2022\/01\/logo-versants.svg\",\"width\":1,\"height\":1,\"caption\":\"Les Versants Mont-Tremblant\"},\"image\":{\"@id\":\"https:\/\/lesversants.com\/#\/schema\/logo\/image\/\"}}]}<\/script>\n<!-- \/ Yoast SEO plugin. -->","yoast_head_json":{"title":"Mont-Blanc | Versants Mont-Tremblant","description":"Vous \u00eates amateurs de ski-in\/out, de golf ou de bord de l'eau, achetez une propri\u00e9t\u00e9 au Mont-Blanc vous conviendra. Prenez rendez-vous.","robots":{"index":"index","follow":"follow","max-snippet":"max-snippet:-1","max-image-preview":"max-image-preview:large","max-video-preview":"max-video-preview:-1"},"canonical":"https:\/\/lesversants.com\/fr\/explore-mont-tremblant\/mont-blanc\/","og_locale":"fr_FR","og_type":"article","og_title":"Mont-Blanc | Versants Mont-Tremblant","og_description":"Vous \u00eates amateurs de ski-in\/out, de golf ou de bord de l'eau, achetez une propri\u00e9t\u00e9 au Mont-Blanc vous conviendra. Prenez rendez-vous.","og_url":"https:\/\/lesversants.com\/fr\/explore-mont-tremblant\/mont-blanc\/","og_site_name":"Versants Mont-Tremblant","article_modified_time":"2023-10-19T01:12:43+00:00","og_image":[{"url":"https:\/\/lesversants.com\/wp-content\/uploads\/2022\/07\/Mont-Blanc-Mont-Tremblant-Explore-immobilier3-1024x688.jpg"}],"twitter_card":"summary_large_image","twitter_misc":{"Dur\u00e9e de lecture estim\u00e9e":"2 minutes"},"schema":{"@context":"https:\/\/schema.org","@graph":[{"@type":"WebPage","@id":"https:\/\/lesversants.com\/fr\/explore-mont-tremblant\/mont-blanc\/","url":"https:\/\/lesversants.com\/fr\/explore-mont-tremblant\/mont-blanc\/","name":"Mont-Blanc | Versants Mont-Tremblant","isPartOf":{"@id":"https:\/\/lesversants.com\/#website"},"datePublished":"2022-07-14T20:22:50+00:00","dateModified":"2023-10-19T01:12:43+00:00","description":"Vous \u00eates amateurs de ski-in\/out, de golf ou de bord de l'eau, achetez une propri\u00e9t\u00e9 au Mont-Blanc vous conviendra. Prenez rendez-vous.","breadcrumb":{"@id":"https:\/\/lesversants.com\/fr\/explore-mont-tremblant\/mont-blanc\/#breadcrumb"},"inLanguage":"fr-FR","potentialAction":[{"@type":"ReadAction","target":["https:\/\/lesversants.com\/fr\/explore-mont-tremblant\/mont-blanc\/"]}]},{"@type":"BreadcrumbList","@id":"https:\/\/lesversants.com\/fr\/explore-mont-tremblant\/mont-blanc\/#breadcrumb","itemListElement":[{"@type":"ListItem","position":1,"name":"Home","item":"https:\/\/lesversants.com\/fr\/"},{"@type":"ListItem","position":2,"name":"Explorer","item":"https:\/\/lesversants.com\/fr\/explore-mont-tremblant\/"},{"@type":"ListItem","position":3,"name":"Mont-Blanc"}]},{"@type":"WebSite","@id":"https:\/\/lesversants.com\/#website","url":"https:\/\/lesversants.com\/","name":"Versants Mont-Tremblant","description":"Agence immobili\u00e8re","publisher":{"@id":"https:\/\/lesversants.com\/#organization"},"potentialAction":[{"@type":"SearchAction","target":{"@type":"EntryPoint","urlTemplate":"https:\/\/lesversants.com\/?s={search_term_string}"},"query-input":"required name=search_term_string"}],"inLanguage":"fr-FR"},{"@type":"Organization","@id":"https:\/\/lesversants.com\/#organization","name":"Les Versants Mont-Tremblant","url":"https:\/\/lesversants.com\/","logo":{"@type":"ImageObject","inLanguage":"fr-FR","@id":"https:\/\/lesversants.com\/#\/schema\/logo\/image\/","url":"https:\/\/lesversants.com\/wp-content\/uploads\/2022\/01\/logo-versants.svg","contentUrl":"https:\/\/lesversants.com\/wp-content\/uploads\/2022\/01\/logo-versants.svg","width":1,"height":1,"caption":"Les Versants Mont-Tremblant"},"image":{"@id":"https:\/\/lesversants.com\/#\/schema\/logo\/image\/"}}]}},"_links":{"self":[{"href":"https:\/\/lesversants.com\/fr\/wp-json\/wp\/v2\/pages\/11467"}],"collection":[{"href":"https:\/\/lesversants.com\/fr\/wp-json\/wp\/v2\/pages"}],"about":[{"href":"https:\/\/lesversants.com\/fr\/wp-json\/wp\/v2\/types\/page"}],"author":[{"embeddable":true,"href":"https:\/\/lesversants.com\/fr\/wp-json\/wp\/v2\/users\/1"}],"replies":[{"embeddable":true,"href":"https:\/\/lesversants.com\/fr\/wp-json\/wp\/v2\/comments?post=11467"}],"version-history":[{"count":20,"href":"https:\/\/lesversants.com\/fr\/wp-json\/wp\/v2\/pages\/11467\/revisions"}],"predecessor-version":[{"id":32699,"href":"https:\/\/lesversants.com\/fr\/wp-json\/wp\/v2\/pages\/11467\/revisions\/32699"}],"up":[{"embeddable":true,"href":"https:\/\/lesversants.com\/fr\/wp-json\/wp\/v2\/pages\/11325"}],"wp:attachment":[{"href":"https:\/\/lesversants.com\/fr\/wp-json\/wp\/v2\/media?parent=11467"}],"curies":[{"name":"wp","href":"https:\/\/api.w.org\/{rel}","templated":true}]}}